{"id":1951,"date":"2024-02-28T00:09:19","date_gmt":"2024-02-27T23:09:19","guid":{"rendered":"https:\/\/danidi.hr\/impressum\/"},"modified":"2025-02-22T00:35:15","modified_gmt":"2025-02-21T23:35:15","slug":"impressum","status":"publish","type":"page","link":"https:\/\/danidi.hr\/en\/impressum\/","title":{"rendered":"Impressum"},"content":{"rendered":"\t\t<div data-elementor-type=\"wp-page\" data-elementor-id=\"1951\" class=\"elementor elementor-1951 elementor-971\" data-elementor-post-type=\"page\">\n\t\t\t\t<div class=\"elementor-element elementor-element-21d30ad e-flex e-con-boxed e-con e-parent\" data-id=\"21d30ad\" data-element_type=\"container\">\n\t\t\t\t\t<div class=\"e-con-inner\">\n\t\t\t\t<div class=\"elementor-element elementor-element-d0d0263 elementor-widget elementor-widget-heading\" data-id=\"d0d0263\" data-element_type=\"widget\" data-widget_type=\"heading.default\">\n\t\t\t\t<div class=\"elementor-widget-container\">\n\t\t\t\t\t<h1 class=\"elementor-heading-title elementor-size-default\">Impressum<\/h1>\t\t\t\t<\/div>\n\t\t\t\t<\/div>\n\t\t\t\t<div class=\"elementor-element elementor-element-216d2ba elementor-widget elementor-widget-text-editor\" data-id=\"216d2ba\" data-element_type=\"widget\" data-widget_type=\"text-editor.default\">\n\t\t\t\t<div class=\"elementor-widget-container\">\n\t\t\t\t\t\t\t\t\t<p>COMPANY NAME: DANIDI, trade for fashion and design, owner Dalila Kova\u010devi\u0107<\/p><p>HEADQUARTERS: Matije Antuna Reljkovi\u0107a 3, 31000 Osijek<\/p><p>Owner\u2019s OIB (Personal Identification Number): 38078648655<\/p><p>Trade Registration Number: 98044419<\/p><p>IBAN: HR3224840081135210270<\/p><p>RAIFFEISENBANK AUSTRIA d.d.<\/p><p>SWIFT: RZBHHR2X<\/p>\t\t\t\t\t\t\t\t<\/div>\n\t\t\t\t<\/div>\n\t\t\t\t\t<\/div>\n\t\t\t\t<\/div>\n\t\t\t\t<\/div>\n\t\t","protected":false},"excerpt":{"rendered":"<p>Impressum COMPANY NAME: DANIDI, trade for fashion and design, owner Dalila Kova\u010devi\u0107 HEADQUARTERS: Matije Antuna Reljkovi\u0107a 3, 31000 Osijek Owner\u2019s OIB (Personal Identification Number): 38078648655 Trade Registration Number: 98044419 IBAN: HR3224840081135210270 RAIFFEISENBANK AUSTRIA d.d. SWIFT: RZBHHR2X<\/p>\n","protected":false},"author":1,"featured_media":0,"parent":0,"menu_order":0,"comment_status":"closed","ping_status":"closed","template":"elementor_header_footer","meta":{"slim_seo":{"title":"Impressum - DANIDI","description":"Impressum COMPANY NAME: DANIDI, trade for fashion and design, owner Dalila Kova\u010devi\u0107 HEADQUARTERS: Matije Antuna Reljkovi\u0107a 3, 31000 Osijek Owner\u2019s OIB (Persona"},"iawp_total_views":0,"footnotes":""},"class_list":["post-1951","page","type-page","status-publish","hentry"],"_links":{"self":[{"href":"https:\/\/danidi.hr\/en\/wp-json\/wp\/v2\/pages\/1951","targetHints":{"allow":["GET"]}}],"collection":[{"href":"https:\/\/danidi.hr\/en\/wp-json\/wp\/v2\/pages"}],"about":[{"href":"https:\/\/danidi.hr\/en\/wp-json\/wp\/v2\/types\/page"}],"author":[{"embeddable":true,"href":"https:\/\/danidi.hr\/en\/wp-json\/wp\/v2\/users\/1"}],"replies":[{"embeddable":true,"href":"https:\/\/danidi.hr\/en\/wp-json\/wp\/v2\/comments?post=1951"}],"version-history":[{"count":4,"href":"https:\/\/danidi.hr\/en\/wp-json\/wp\/v2\/pages\/1951\/revisions"}],"predecessor-version":[{"id":1965,"href":"https:\/\/danidi.hr\/en\/wp-json\/wp\/v2\/pages\/1951\/revisions\/1965"}],"wp:attachment":[{"href":"https:\/\/danidi.hr\/en\/wp-json\/wp\/v2\/media?parent=1951"}],"curies":[{"name":"wp","href":"https:\/\/api.w.org\/{rel}","templated":true}]}}